{"id":53,"date":"2016-07-07T22:54:49","date_gmt":"2016-07-07T21:54:49","guid":{"rendered":"https:\/\/webdrummer.fr\/?page_id=53"},"modified":"2023-12-08T19:55:49","modified_gmt":"2023-12-08T18:55:49","slug":"infos","status":"publish","type":"page","link":"https:\/\/webdrummer.fr\/index.php\/infos\/","title":{"rendered":"Infos"},"content":{"rendered":"\n<!-- Google Tag Manager -->\n<script>(function(w,d,s,l,i){w[l]=w[l]||[];w[l].push({'gtm.start':\nnew Date().getTime(),event:'gtm.js'});var f=d.getElementsByTagName(s)[0],\nj=d.createElement(s),dl=l!='dataLayer'?'&l='+l:'';j.async=true;j.src=\n'https:\/\/www.googletagmanager.com\/gtm.js?id='+i+dl;f.parentNode.insertBefore(j,f);\n})(window,document,'script','dataLayer','GTM-NHQW8PT');<\/script>\n<!-- End Google Tag Manager -->\n<!-- Google Tag Manager (noscript) -->\n<noscript><iframe loading=\"lazy\" src=\"https:\/\/www.googletagmanager.com\/ns.html?id=GTM-NHQW8PT\" height=\"0\" width=\"0\" style=\"display:none;visibility:hidden\"><\/iframe><\/noscript>\n<!-- End Google Tag Manager (noscript) --><div class=\"wp-block-image\"><figure class=\"aligncenter\"><a href=\"https:\/\/webdrummer.fr\/\"><img loading=\"lazy\" decoding=\"async\" width=\"300\" height=\"95\" src=\"https:\/\/webdrummer.fr\/wp-content\/uploads\/2016\/11\/cropped-cropped-cropped-Webdrummer-Logo-2-300x95.png\" alt=\"\" class=\"wp-image-1120\" srcset=\"https:\/\/webdrummer.fr\/wp-content\/uploads\/2016\/11\/cropped-cropped-cropped-Webdrummer-Logo-2-300x95.png 300w, https:\/\/webdrummer.fr\/wp-content\/uploads\/2016\/11\/cropped-cropped-cropped-Webdrummer-Logo-2-768x242.png 768w, https:\/\/webdrummer.fr\/wp-content\/uploads\/2016\/11\/cropped-cropped-cropped-Webdrummer-Logo-2-700x221.png 700w, https:\/\/webdrummer.fr\/wp-content\/uploads\/2016\/11\/cropped-cropped-cropped-Webdrummer-Logo-2.png 920w\" sizes=\"auto, (max-width: 300px) 100vw, 300px\" \/><\/a><\/figure><\/div>\n\n\n\n<p><\/p>\n\n\n\n<p class=\"has-text-align-center\">Site d\u00e9velopp\u00e9 par&nbsp;<\/p>\n\n\n\n<p class=\"has-text-align-center\"><span style=\"color: #000000;\"><strong>Christophe Rheims <\/strong><\/span><\/p>\n\n\n\n<p><\/p>\n\n\n<p style=\"text-align: center;\"><a href=\"mailto:webdrummer@sfr.fr\">webdrummer@sfr.fr<\/a><\/p>\n<p style=\"text-align: center;\"><img loading=\"lazy\" decoding=\"async\" class=\"alignnone  wp-image-10076\" src=\"https:\/\/webdrummer.fr\/wp-content\/uploads\/2022\/03\/PXL_20210911_162706205-scaled.jpg\" alt=\"\" width=\"157\" height=\"224\" srcset=\"https:\/\/webdrummer.fr\/wp-content\/uploads\/2022\/03\/PXL_20210911_162706205-scaled.jpg 1795w, https:\/\/webdrummer.fr\/wp-content\/uploads\/2022\/03\/PXL_20210911_162706205-300x428.jpg 300w, https:\/\/webdrummer.fr\/wp-content\/uploads\/2022\/03\/PXL_20210911_162706205-scaled-620x884.jpg 620w, https:\/\/webdrummer.fr\/wp-content\/uploads\/2022\/03\/PXL_20210911_162706205-210x300.jpg 210w, https:\/\/webdrummer.fr\/wp-content\/uploads\/2022\/03\/PXL_20210911_162706205-700x999.jpg 700w, https:\/\/webdrummer.fr\/wp-content\/uploads\/2022\/03\/PXL_20210911_162706205-768x1096.jpg 768w, https:\/\/webdrummer.fr\/wp-content\/uploads\/2022\/03\/PXL_20210911_162706205-1077x1536.jpg 1077w, https:\/\/webdrummer.fr\/wp-content\/uploads\/2022\/03\/PXL_20210911_162706205-1436x2048.jpg 1436w, https:\/\/webdrummer.fr\/wp-content\/uploads\/2022\/03\/PXL_20210911_162706205-600x856.jpg 600w\" sizes=\"auto, (max-width: 157px) 100vw, 157px\" \/><\/p>\n\n\n<p class=\"has-text-align-center\"><strong>&nbsp;<\/strong>professeur de batterie&nbsp;\u00e0 <\/p>\n\n\n<p style=\"text-align: center;\"><a href=\"http:\/\/www.ecoledurock.fr\/\"><img decoding=\"async\" src=\"https:\/\/webdrummer.fr\/wp-content\/uploads\/2017\/02\/Ecole_logo.png\" alt=\"L\u2019attribut alt de cette image est vide, son nom de fichier est Ecole_logo.png.\" \/><\/a><\/p>\n\n\n<h1 class=\"wp-block-heading has-text-align-center\"><span style=\"color: #000000;\"><strong>l&rsquo;\u00c9COLE DU ROCK<\/strong><\/span><\/h1>\n\n\n\n<p class=\"has-text-align-center\"><span style=\"color: #000000;\">&nbsp;70 avenue du Roule<\/span><\/p>\n\n\n\n<p class=\"has-text-align-center\"><span style=\"color: #000000;\">92200 Neuilly sur Seine<\/span><\/p>\n\n\n\n<p class=\"has-text-align-center\"><span style=\"color: #000000;\">tel : 01 84 20 40 61<\/span><\/p>\n\n\n\n<p class=\"has-text-align-center\"><a href=\"http:\/\/www.ecoledurock.fr\">www.ecoledurock.fr<\/a><\/p>\n\n\n<p style=\"text-align: center;\"><img loading=\"lazy\" decoding=\"async\" class=\"alignnone  wp-image-9825\" src=\"https:\/\/webdrummer.fr\/wp-content\/uploads\/2021\/12\/derftg_000001-copie.png\" alt=\"\" width=\"119\" height=\"105\" srcset=\"https:\/\/webdrummer.fr\/wp-content\/uploads\/2021\/12\/derftg_000001-copie.png 2040w, https:\/\/webdrummer.fr\/wp-content\/uploads\/2021\/12\/derftg_000001-copie-300x266.png 300w, https:\/\/webdrummer.fr\/wp-content\/uploads\/2021\/12\/derftg_000001-copie-700x621.png 700w, https:\/\/webdrummer.fr\/wp-content\/uploads\/2021\/12\/derftg_000001-copie-768x681.png 768w, https:\/\/webdrummer.fr\/wp-content\/uploads\/2021\/12\/derftg_000001-copie-1536x1362.png 1536w, https:\/\/webdrummer.fr\/wp-content\/uploads\/2021\/12\/derftg_000001-copie-600x532.png 600w\" sizes=\"auto, (max-width: 119px) 100vw, 119px\" \/><\/p>\n\n\n<p><\/p>\n\n\n\n<p><\/p>\n\n\n\n<p class=\"has-text-align-center\">Merci \u00e0<span style=\"color: #000000;\"><b> Fred Hasselmann <\/b><\/span>et \u00e0<span style=\"color: #000000;\"><b> Magali Talneau<\/b><\/span>&nbsp;pour leur aide&nbsp;durant la cr\u00e9ation de ce site<\/p>\n\n\n\n<p><\/p>\n\n\n\n<p><\/p>\n\n\n<div class=\"wp-block-image\">\n<figure class=\"aligncenter\"><a href=\"https:\/\/webdrummer.fr\/\"><img loading=\"lazy\" decoding=\"async\" width=\"300\" height=\"195\" src=\"https:\/\/webdrummer.fr\/wp-content\/uploads\/2017\/02\/cropped-Webdrummer-img-1-4-300x195.jpg\" alt=\"\" class=\"wp-image-1138\" srcset=\"https:\/\/webdrummer.fr\/wp-content\/uploads\/2017\/02\/cropped-Webdrummer-img-1-4-300x195.jpg 300w, https:\/\/webdrummer.fr\/wp-content\/uploads\/2017\/02\/cropped-Webdrummer-img-1-4-768x498.jpg 768w, https:\/\/webdrummer.fr\/wp-content\/uploads\/2017\/02\/cropped-Webdrummer-img-1-4-700x454.jpg 700w, https:\/\/webdrummer.fr\/wp-content\/uploads\/2017\/02\/cropped-Webdrummer-img-1-4.jpg 946w\" sizes=\"auto, (max-width: 300px) 100vw, 300px\" \/><\/a><\/figure>\n<\/div>","protected":false},"excerpt":{"rendered":"<p>Site d\u00e9velopp\u00e9 par&nbsp; Christophe Rheims webdrummer@sfr.fr &nbsp;professeur de batterie&nbsp;\u00e0 l&rsquo;\u00c9COLE DU ROCK &nbsp;70 avenue du Roule 92200 Neuilly sur Seine tel : 01 84 20 40 61 www.ecoledurock.fr Merci \u00e0 Fred Hasselmann et \u00e0 Magali Talneau&nbsp;pour leur aide&nbsp;durant la cr\u00e9ation de ce site<\/p>\n","protected":false},"author":1,"featured_media":0,"parent":0,"menu_order":0,"comment_status":"closed","ping_status":"closed","template":"","meta":{"neve_meta_sidebar":"default","neve_meta_container":"default","neve_meta_enable_content_width":"off","neve_meta_content_width":70,"neve_meta_title_alignment":"","neve_meta_author_avatar":"","neve_post_elements_order":"","neve_meta_disable_header":"off","neve_meta_disable_footer":"off","neve_meta_disable_title":"on","_themeisle_gutenberg_block_has_review":false,"footnotes":""},"class_list":["post-53","page","type-page","status-publish","hentry"],"yoast_head":"<!-- This site is optimized with the Yoast SEO plugin v27.4 - https:\/\/yoast.com\/product\/yoast-seo-wordpress\/ -->\n<title>Infos - WebDrummer<\/title>\n<meta name=\"robots\" content=\"index, follow, max-snippet:-1, max-image-preview:large, max-video-preview:-1\" \/>\n<link rel=\"canonical\" href=\"https:\/\/webdrummer.fr\/index.php\/infos\/\" \/>\n<meta property=\"og:locale\" content=\"fr_FR\" \/>\n<meta property=\"og:type\" content=\"article\" \/>\n<meta property=\"og:title\" content=\"Infos - WebDrummer\" \/>\n<meta property=\"og:description\" content=\"Site d\u00e9velopp\u00e9 par&nbsp; Christophe Rheims webdrummer@sfr.fr &nbsp;professeur de batterie&nbsp;\u00e0 l&rsquo;\u00c9COLE DU ROCK &nbsp;70 avenue du Roule 92200 Neuilly sur Seine tel : 01 84 20 40 61 www.ecoledurock.fr Merci \u00e0 Fred Hasselmann et \u00e0 Magali Talneau&nbsp;pour leur aide&nbsp;durant la cr\u00e9ation de ce site\" \/>\n<meta property=\"og:url\" content=\"https:\/\/webdrummer.fr\/index.php\/infos\/\" \/>\n<meta property=\"og:site_name\" content=\"WebDrummer\" \/>\n<meta property=\"article:publisher\" content=\"https:\/\/www.facebook.com\/webdrummer.fr\" \/>\n<meta property=\"article:modified_time\" content=\"2023-12-08T18:55:49+00:00\" \/>\n<meta property=\"og:image\" content=\"https:\/\/webdrummer.fr\/wp-content\/uploads\/2016\/11\/cropped-cropped-cropped-Webdrummer-Logo-2-300x95.png\" \/>\n<meta name=\"twitter:card\" content=\"summary_large_image\" \/>\n<script type=\"application\/ld+json\" class=\"yoast-schema-graph\">{\"@context\":\"https:\\\/\\\/schema.org\",\"@graph\":[{\"@type\":\"WebPage\",\"@id\":\"https:\\\/\\\/webdrummer.fr\\\/index.php\\\/infos\\\/\",\"url\":\"https:\\\/\\\/webdrummer.fr\\\/index.php\\\/infos\\\/\",\"name\":\"Infos - WebDrummer\",\"isPartOf\":{\"@id\":\"https:\\\/\\\/webdrummer.fr\\\/#website\"},\"primaryImageOfPage\":{\"@id\":\"https:\\\/\\\/webdrummer.fr\\\/index.php\\\/infos\\\/#primaryimage\"},\"image\":{\"@id\":\"https:\\\/\\\/webdrummer.fr\\\/index.php\\\/infos\\\/#primaryimage\"},\"thumbnailUrl\":\"https:\\\/\\\/webdrummer.fr\\\/wp-content\\\/uploads\\\/2016\\\/11\\\/cropped-cropped-cropped-Webdrummer-Logo-2-300x95.png\",\"datePublished\":\"2016-07-07T21:54:49+00:00\",\"dateModified\":\"2023-12-08T18:55:49+00:00\",\"breadcrumb\":{\"@id\":\"https:\\\/\\\/webdrummer.fr\\\/index.php\\\/infos\\\/#breadcrumb\"},\"inLanguage\":\"fr-FR\",\"potentialAction\":[{\"@type\":\"ReadAction\",\"target\":[\"https:\\\/\\\/webdrummer.fr\\\/index.php\\\/infos\\\/\"]}]},{\"@type\":\"ImageObject\",\"inLanguage\":\"fr-FR\",\"@id\":\"https:\\\/\\\/webdrummer.fr\\\/index.php\\\/infos\\\/#primaryimage\",\"url\":\"https:\\\/\\\/webdrummer.fr\\\/wp-content\\\/uploads\\\/2016\\\/11\\\/cropped-cropped-cropped-Webdrummer-Logo-2.png\",\"contentUrl\":\"https:\\\/\\\/webdrummer.fr\\\/wp-content\\\/uploads\\\/2016\\\/11\\\/cropped-cropped-cropped-Webdrummer-Logo-2.png\",\"width\":920,\"height\":290},{\"@type\":\"BreadcrumbList\",\"@id\":\"https:\\\/\\\/webdrummer.fr\\\/index.php\\\/infos\\\/#breadcrumb\",\"itemListElement\":[{\"@type\":\"ListItem\",\"position\":1,\"name\":\"Accueil\",\"item\":\"https:\\\/\\\/webdrummer.fr\\\/\"},{\"@type\":\"ListItem\",\"position\":2,\"name\":\"Infos\"}]},{\"@type\":\"WebSite\",\"@id\":\"https:\\\/\\\/webdrummer.fr\\\/#website\",\"url\":\"https:\\\/\\\/webdrummer.fr\\\/\",\"name\":\"WebDrummer\",\"description\":\"la batterie \u00e0 la port\u00e9e de tous ! Drums for all !\",\"publisher\":{\"@id\":\"https:\\\/\\\/webdrummer.fr\\\/#organization\"},\"alternateName\":\"WD\",\"potentialAction\":[{\"@type\":\"SearchAction\",\"target\":{\"@type\":\"EntryPoint\",\"urlTemplate\":\"https:\\\/\\\/webdrummer.fr\\\/?s={search_term_string}\"},\"query-input\":{\"@type\":\"PropertyValueSpecification\",\"valueRequired\":true,\"valueName\":\"search_term_string\"}}],\"inLanguage\":\"fr-FR\"},{\"@type\":\"Organization\",\"@id\":\"https:\\\/\\\/webdrummer.fr\\\/#organization\",\"name\":\"WebDrummer\",\"url\":\"https:\\\/\\\/webdrummer.fr\\\/\",\"logo\":{\"@type\":\"ImageObject\",\"inLanguage\":\"fr-FR\",\"@id\":\"https:\\\/\\\/webdrummer.fr\\\/#\\\/schema\\\/logo\\\/image\\\/\",\"url\":\"https:\\\/\\\/webdrummer.fr\\\/wp-content\\\/uploads\\\/2021\\\/10\\\/logo-webdrummer-noir-detoure.png\",\"contentUrl\":\"https:\\\/\\\/webdrummer.fr\\\/wp-content\\\/uploads\\\/2021\\\/10\\\/logo-webdrummer-noir-detoure.png\",\"width\":5291,\"height\":3777,\"caption\":\"WebDrummer\"},\"image\":{\"@id\":\"https:\\\/\\\/webdrummer.fr\\\/#\\\/schema\\\/logo\\\/image\\\/\"},\"sameAs\":[\"https:\\\/\\\/www.facebook.com\\\/webdrummer.fr\"]}]}<\/script>\n<!-- \/ Yoast SEO plugin. -->","yoast_head_json":{"title":"Infos - WebDrummer","robots":{"index":"index","follow":"follow","max-snippet":"max-snippet:-1","max-image-preview":"max-image-preview:large","max-video-preview":"max-video-preview:-1"},"canonical":"https:\/\/webdrummer.fr\/index.php\/infos\/","og_locale":"fr_FR","og_type":"article","og_title":"Infos - WebDrummer","og_description":"Site d\u00e9velopp\u00e9 par&nbsp; Christophe Rheims webdrummer@sfr.fr &nbsp;professeur de batterie&nbsp;\u00e0 l&rsquo;\u00c9COLE DU ROCK &nbsp;70 avenue du Roule 92200 Neuilly sur Seine tel : 01 84 20 40 61 www.ecoledurock.fr Merci \u00e0 Fred Hasselmann et \u00e0 Magali Talneau&nbsp;pour leur aide&nbsp;durant la cr\u00e9ation de ce site","og_url":"https:\/\/webdrummer.fr\/index.php\/infos\/","og_site_name":"WebDrummer","article_publisher":"https:\/\/www.facebook.com\/webdrummer.fr","article_modified_time":"2023-12-08T18:55:49+00:00","og_image":[{"url":"https:\/\/webdrummer.fr\/wp-content\/uploads\/2016\/11\/cropped-cropped-cropped-Webdrummer-Logo-2-300x95.png","type":"","width":"","height":""}],"twitter_card":"summary_large_image","schema":{"@context":"https:\/\/schema.org","@graph":[{"@type":"WebPage","@id":"https:\/\/webdrummer.fr\/index.php\/infos\/","url":"https:\/\/webdrummer.fr\/index.php\/infos\/","name":"Infos - WebDrummer","isPartOf":{"@id":"https:\/\/webdrummer.fr\/#website"},"primaryImageOfPage":{"@id":"https:\/\/webdrummer.fr\/index.php\/infos\/#primaryimage"},"image":{"@id":"https:\/\/webdrummer.fr\/index.php\/infos\/#primaryimage"},"thumbnailUrl":"https:\/\/webdrummer.fr\/wp-content\/uploads\/2016\/11\/cropped-cropped-cropped-Webdrummer-Logo-2-300x95.png","datePublished":"2016-07-07T21:54:49+00:00","dateModified":"2023-12-08T18:55:49+00:00","breadcrumb":{"@id":"https:\/\/webdrummer.fr\/index.php\/infos\/#breadcrumb"},"inLanguage":"fr-FR","potentialAction":[{"@type":"ReadAction","target":["https:\/\/webdrummer.fr\/index.php\/infos\/"]}]},{"@type":"ImageObject","inLanguage":"fr-FR","@id":"https:\/\/webdrummer.fr\/index.php\/infos\/#primaryimage","url":"https:\/\/webdrummer.fr\/wp-content\/uploads\/2016\/11\/cropped-cropped-cropped-Webdrummer-Logo-2.png","contentUrl":"https:\/\/webdrummer.fr\/wp-content\/uploads\/2016\/11\/cropped-cropped-cropped-Webdrummer-Logo-2.png","width":920,"height":290},{"@type":"BreadcrumbList","@id":"https:\/\/webdrummer.fr\/index.php\/infos\/#breadcrumb","itemListElement":[{"@type":"ListItem","position":1,"name":"Accueil","item":"https:\/\/webdrummer.fr\/"},{"@type":"ListItem","position":2,"name":"Infos"}]},{"@type":"WebSite","@id":"https:\/\/webdrummer.fr\/#website","url":"https:\/\/webdrummer.fr\/","name":"WebDrummer","description":"la batterie \u00e0 la port\u00e9e de tous ! Drums for all !","publisher":{"@id":"https:\/\/webdrummer.fr\/#organization"},"alternateName":"WD","potentialAction":[{"@type":"SearchAction","target":{"@type":"EntryPoint","urlTemplate":"https:\/\/webdrummer.fr\/?s={search_term_string}"},"query-input":{"@type":"PropertyValueSpecification","valueRequired":true,"valueName":"search_term_string"}}],"inLanguage":"fr-FR"},{"@type":"Organization","@id":"https:\/\/webdrummer.fr\/#organization","name":"WebDrummer","url":"https:\/\/webdrummer.fr\/","logo":{"@type":"ImageObject","inLanguage":"fr-FR","@id":"https:\/\/webdrummer.fr\/#\/schema\/logo\/image\/","url":"https:\/\/webdrummer.fr\/wp-content\/uploads\/2021\/10\/logo-webdrummer-noir-detoure.png","contentUrl":"https:\/\/webdrummer.fr\/wp-content\/uploads\/2021\/10\/logo-webdrummer-noir-detoure.png","width":5291,"height":3777,"caption":"WebDrummer"},"image":{"@id":"https:\/\/webdrummer.fr\/#\/schema\/logo\/image\/"},"sameAs":["https:\/\/www.facebook.com\/webdrummer.fr"]}]}},"_links":{"self":[{"href":"https:\/\/webdrummer.fr\/index.php\/wp-json\/wp\/v2\/pages\/53","targetHints":{"allow":["GET"]}}],"collection":[{"href":"https:\/\/webdrummer.fr\/index.php\/wp-json\/wp\/v2\/pages"}],"about":[{"href":"https:\/\/webdrummer.fr\/index.php\/wp-json\/wp\/v2\/types\/page"}],"author":[{"embeddable":true,"href":"https:\/\/webdrummer.fr\/index.php\/wp-json\/wp\/v2\/users\/1"}],"replies":[{"embeddable":true,"href":"https:\/\/webdrummer.fr\/index.php\/wp-json\/wp\/v2\/comments?post=53"}],"version-history":[{"count":11,"href":"https:\/\/webdrummer.fr\/index.php\/wp-json\/wp\/v2\/pages\/53\/revisions"}],"predecessor-version":[{"id":15342,"href":"https:\/\/webdrummer.fr\/index.php\/wp-json\/wp\/v2\/pages\/53\/revisions\/15342"}],"wp:attachment":[{"href":"https:\/\/webdrummer.fr\/index.php\/wp-json\/wp\/v2\/media?parent=53"}],"curies":[{"name":"wp","href":"https:\/\/api.w.org\/{rel}","templated":true}]}}