{"id":612,"date":"2016-09-07T21:19:33","date_gmt":"2016-09-07T20:19:33","guid":{"rendered":"https:\/\/webdrummer.fr\/?page_id=612"},"modified":"2025-08-02T16:17:52","modified_gmt":"2025-08-02T15:17:52","slug":"liens-bis","status":"publish","type":"page","link":"https:\/\/webdrummer.fr\/index.php\/liens-bis\/","title":{"rendered":"Liens"},"content":{"rendered":"<p><!-- Google Tag Manager --><br \/><script>(function(w,d,s,l,i){w[l]=w[l]||[];w[l].push({'gtm.start':<br \/>\nnew Date().getTime(),event:'gtm.js'});var f=d.getElementsByTagName(s)[0],<br \/>\nj=d.createElement(s),dl=l!='dataLayer'?'&l='+l:'';j.async=true;j.src=<br \/>\n'https:\/\/www.googletagmanager.com\/gtm.js?id='+i+dl;f.parentNode.insertBefore(j,f);<br \/>\n})(window,document,'script','dataLayer','GTM-NHQW8PT');<\/script><\/p>\n<p><img loading=\"lazy\" decoding=\"async\" class=\"alignnone  wp-image-10246\" src=\"https:\/\/webdrummer.fr\/wp-content\/uploads\/2022\/03\/LIENS-RUBRIQUE_000001.png\" alt=\"\" width=\"407\" height=\"274\" srcset=\"https:\/\/webdrummer.fr\/wp-content\/uploads\/2022\/03\/LIENS-RUBRIQUE_000001.png 3465w, https:\/\/webdrummer.fr\/wp-content\/uploads\/2022\/03\/LIENS-RUBRIQUE_000001-300x201.png 300w, https:\/\/webdrummer.fr\/wp-content\/uploads\/2022\/03\/LIENS-RUBRIQUE_000001-620x416.png 620w, https:\/\/webdrummer.fr\/wp-content\/uploads\/2022\/03\/LIENS-RUBRIQUE_000001-700x470.png 700w, https:\/\/webdrummer.fr\/wp-content\/uploads\/2022\/03\/LIENS-RUBRIQUE_000001-768x516.png 768w, https:\/\/webdrummer.fr\/wp-content\/uploads\/2022\/03\/LIENS-RUBRIQUE_000001-1536x1032.png 1536w, https:\/\/webdrummer.fr\/wp-content\/uploads\/2022\/03\/LIENS-RUBRIQUE_000001-2048x1375.png 2048w, https:\/\/webdrummer.fr\/wp-content\/uploads\/2022\/03\/LIENS-RUBRIQUE_000001-600x403.png 600w\" sizes=\"auto, (max-width: 407px) 100vw, 407px\" \/><\/p>\n<p style=\"padding-left: 30px; text-align: left;\"><span style=\"color: #000000;\">Sur cette page vous trouverez des liens vers d&rsquo;autres sites en rapport avec la<strong> BATTERIE<\/strong><\/span><\/p>\n<p style=\"padding-left: 40px;\"><img loading=\"lazy\" decoding=\"async\" class=\"wp-image-1393 aligncenter\" src=\"https:\/\/webdrummer.fr\/wp-content\/uploads\/2016\/07\/ca6b042b3aae3ef7eb755d9f80972ad8b6750e39e4dbaf53ae02d61110a2928f__53205.1444678214-300x200.jpg\" alt=\"\" width=\"224\" height=\"149\" srcset=\"https:\/\/webdrummer.fr\/wp-content\/uploads\/2016\/07\/ca6b042b3aae3ef7eb755d9f80972ad8b6750e39e4dbaf53ae02d61110a2928f__53205.1444678214-300x200.jpg 300w, https:\/\/webdrummer.fr\/wp-content\/uploads\/2016\/07\/ca6b042b3aae3ef7eb755d9f80972ad8b6750e39e4dbaf53ae02d61110a2928f__53205.1444678214.jpg 500w\" sizes=\"auto, (max-width: 224px) 100vw, 224px\" \/><\/p>\n<hr \/>\n<h1>\u00a0<\/h1>\n<h1 style=\"text-align: center;\">\u00c9COLES DE MUSIQUE<\/h1>\n<p><img loading=\"lazy\" decoding=\"async\" class=\"wp-image-6275 aligncenter\" src=\"https:\/\/webdrummer.fr\/wp-content\/uploads\/2019\/10\/Sans-titre-e1572203999985.png\" alt=\"\" width=\"225\" height=\"217\" srcset=\"https:\/\/webdrummer.fr\/wp-content\/uploads\/2019\/10\/Sans-titre-e1572203999985.png 770w, https:\/\/webdrummer.fr\/wp-content\/uploads\/2019\/10\/Sans-titre-e1572203999985-300x289.png 300w, https:\/\/webdrummer.fr\/wp-content\/uploads\/2019\/10\/Sans-titre-e1572203999985-768x741.png 768w, https:\/\/webdrummer.fr\/wp-content\/uploads\/2019\/10\/Sans-titre-e1572203999985-700x675.png 700w\" sizes=\"auto, (max-width: 225px) 100vw, 225px\" \/><\/p>\n<p style=\"padding-left: 30px; text-align: center;\"><strong>l&rsquo;\u00e9cole du rock<\/strong> ( cours tous instruments )\u00a0<\/p>\n\n\n<div class=\"wp-block-buttons is-content-justification-center is-layout-flex wp-container-core-buttons-is-layout-16018d1d wp-block-buttons-is-layout-flex\">\n<div class=\"wp-block-button\"><a class=\"wp-block-button__link has-neve-link-color-background-color has-background wp-element-button\" href=\"http:\/\/www.ecoledurock.fr\/\" style=\"border-radius:100px;padding-right:var(--wp--preset--spacing--60);padding-left:var(--wp--preset--spacing--60)\">Ecole du Rock<\/a><\/div>\n<\/div>\n\n\n<h4>\u00a0<\/h4>\n<hr \/>\n<h1>\u00a0<\/h1>\n<h1 style=\"text-align: center;\">MAGASINS DE MUSIQUE<\/h1>\n<p><img loading=\"lazy\" decoding=\"async\" class=\"wp-image-6277 aligncenter\" src=\"https:\/\/webdrummer.fr\/wp-content\/uploads\/2019\/10\/Sans-titre-1-e1572203851927.png\" alt=\"\" width=\"225\" height=\"143\" srcset=\"https:\/\/webdrummer.fr\/wp-content\/uploads\/2019\/10\/Sans-titre-1-e1572203851927.png 930w, https:\/\/webdrummer.fr\/wp-content\/uploads\/2019\/10\/Sans-titre-1-e1572203851927-300x191.png 300w, https:\/\/webdrummer.fr\/wp-content\/uploads\/2019\/10\/Sans-titre-1-e1572203851927-768x488.png 768w, https:\/\/webdrummer.fr\/wp-content\/uploads\/2019\/10\/Sans-titre-1-e1572203851927-700x445.png 700w\" sizes=\"auto, (max-width: 225px) 100vw, 225px\" \/><\/p>\n<p style=\"padding-left: 30px; text-align: center;\"><strong>la Baguetterie<\/strong> ( magasin de batteries , Paris )\u00a0<\/p>\n\n\n<div class=\"wp-block-buttons is-content-justification-center is-layout-flex wp-container-core-buttons-is-layout-16018d1d wp-block-buttons-is-layout-flex\">\n<div class=\"wp-block-button\"><a class=\"wp-block-button__link has-neve-link-color-background-color has-background wp-element-button\" href=\"https:\/\/www.baguetterie.fr\/\" style=\"border-radius:100px;padding-right:var(--wp--preset--spacing--50);padding-left:var(--wp--preset--spacing--50)\">La Baguetterie<\/a><\/div>\n<\/div>\n\n\n<h4>\u00a0<\/h4>\n<hr \/>\n<h1>\u00a0<\/h1>\n<h1 style=\"text-align: center;\">FABRICANTS DE BATTERIE<\/h1>\n<p><img loading=\"lazy\" decoding=\"async\" class=\"wp-image-6279 aligncenter\" src=\"https:\/\/webdrummer.fr\/wp-content\/uploads\/2019\/10\/Sans-titre-2-e1572203888527.png\" alt=\"\" width=\"225\" height=\"144\" srcset=\"https:\/\/webdrummer.fr\/wp-content\/uploads\/2019\/10\/Sans-titre-2-e1572203888527.png 934w, https:\/\/webdrummer.fr\/wp-content\/uploads\/2019\/10\/Sans-titre-2-e1572203888527-300x192.png 300w, https:\/\/webdrummer.fr\/wp-content\/uploads\/2019\/10\/Sans-titre-2-e1572203888527-768x493.png 768w, https:\/\/webdrummer.fr\/wp-content\/uploads\/2019\/10\/Sans-titre-2-e1572203888527-700x449.png 700w, https:\/\/webdrummer.fr\/wp-content\/uploads\/2019\/10\/Sans-titre-2-e1572203888527-930x599.png 930w\" sizes=\"auto, (max-width: 225px) 100vw, 225px\" \/><\/p>\n<p style=\"text-align: center;\"><strong>C&amp;C<\/strong> Drum Company ( des belles batteries au style vintage )\u00a0<\/p>\n\n\n<div class=\"wp-block-buttons is-content-justification-center is-layout-flex wp-container-core-buttons-is-layout-16018d1d wp-block-buttons-is-layout-flex\">\n<div class=\"wp-block-button\"><a class=\"wp-block-button__link has-neve-link-color-background-color has-background wp-element-button\" href=\"http:\/\/www.candccustomdrums.com\/\" style=\"border-radius:100px;padding-right:var(--wp--preset--spacing--70);padding-left:var(--wp--preset--spacing--70)\">C&amp;C<\/a><\/div>\n<\/div>\n\n\n<h1>\u00a0<\/h1>\n<hr \/>\n<h1>\u00a0<\/h1>\n<h1 style=\"text-align: center;\">BAGUETTES DE BATTERIE<img loading=\"lazy\" decoding=\"async\" class=\"alignnone size-medium wp-image-24321 aligncenter\" src=\"https:\/\/webdrummer.fr\/wp-content\/uploads\/2025\/08\/baguette-noire-300x53.png\" alt=\"\" width=\"300\" height=\"53\" srcset=\"https:\/\/webdrummer.fr\/wp-content\/uploads\/2025\/08\/baguette-noire-300x53.png 300w, https:\/\/webdrummer.fr\/wp-content\/uploads\/2025\/08\/baguette-noire-700x125.png 700w, https:\/\/webdrummer.fr\/wp-content\/uploads\/2025\/08\/baguette-noire-768x137.png 768w, https:\/\/webdrummer.fr\/wp-content\/uploads\/2025\/08\/baguette-noire-1536x273.png 1536w, https:\/\/webdrummer.fr\/wp-content\/uploads\/2025\/08\/baguette-noire-2048x365.png 2048w, https:\/\/webdrummer.fr\/wp-content\/uploads\/2025\/08\/baguette-noire-620x110.png 620w\" sizes=\"auto, (max-width: 300px) 100vw, 300px\" \/><\/h1>\n<p><strong>ProORCA<\/strong> \u00a0&#8211; des baguettes artisanales, fabriqu\u00e9es en France, avec du bois de qualit\u00e9 pour une bonne prise en main, un bon son, un bon \u00e9quilibre et une bonne durabilit\u00e9 !<\/p>\n<p><img loading=\"lazy\" decoding=\"async\" class=\"alignnone size-medium wp-image-24322 aligncenter\" src=\"https:\/\/webdrummer.fr\/wp-content\/uploads\/2025\/08\/PO-Logo-standard-avec-drapeau-noir-scaled-e1754147339569-300x78.png\" alt=\"\" width=\"300\" height=\"78\" srcset=\"https:\/\/webdrummer.fr\/wp-content\/uploads\/2025\/08\/PO-Logo-standard-avec-drapeau-noir-scaled-e1754147339569-300x78.png 300w, https:\/\/webdrummer.fr\/wp-content\/uploads\/2025\/08\/PO-Logo-standard-avec-drapeau-noir-scaled-e1754147339569-700x183.png 700w, https:\/\/webdrummer.fr\/wp-content\/uploads\/2025\/08\/PO-Logo-standard-avec-drapeau-noir-scaled-e1754147339569-768x201.png 768w, https:\/\/webdrummer.fr\/wp-content\/uploads\/2025\/08\/PO-Logo-standard-avec-drapeau-noir-scaled-e1754147339569-620x162.png 620w, https:\/\/webdrummer.fr\/wp-content\/uploads\/2025\/08\/PO-Logo-standard-avec-drapeau-noir-scaled-e1754147339569.png 1404w\" sizes=\"auto, (max-width: 300px) 100vw, 300px\" \/><\/p>\n<p>\u00a0<\/p>\n\n\n<div class=\"wp-block-buttons is-content-justification-center is-layout-flex wp-container-core-buttons-is-layout-16018d1d wp-block-buttons-is-layout-flex\">\n<div class=\"wp-block-button\"><a class=\"wp-block-button__link has-neve-link-color-background-color has-background wp-element-button\" href=\"https:\/\/proorca.com\/?srsltid=AfmBOopKDquZ7nD55HgRDtqsVnfjtdqM24S1V9AqC2W6IpEOU1mw3ARB\" style=\"border-style:none;border-width:0px;border-radius:100px;padding-right:var(--wp--preset--spacing--60);padding-left:var(--wp--preset--spacing--60)\">ProORCA<\/a><\/div>\n<\/div>\n\n\n<h4>\u00a0<\/h4>\n<hr \/>\n<h1>\u00a0<\/h1>\n<h1 style=\"text-align: center;\">SITES DE BATTEURS<\/h1>\n<p><img loading=\"lazy\" decoding=\"async\" class=\"wp-image-6288 aligncenter\" src=\"https:\/\/webdrummer.fr\/wp-content\/uploads\/2019\/10\/Sans-titre-5-e1572207782999.png\" alt=\"\" width=\"225\" height=\"154\" srcset=\"https:\/\/webdrummer.fr\/wp-content\/uploads\/2019\/10\/Sans-titre-5-e1572207782999.png 864w, https:\/\/webdrummer.fr\/wp-content\/uploads\/2019\/10\/Sans-titre-5-e1572207782999-300x205.png 300w, https:\/\/webdrummer.fr\/wp-content\/uploads\/2019\/10\/Sans-titre-5-e1572207782999-768x525.png 768w, https:\/\/webdrummer.fr\/wp-content\/uploads\/2019\/10\/Sans-titre-5-e1572207782999-700x479.png 700w\" sizes=\"auto, (max-width: 225px) 100vw, 225px\" \/><\/p>\n<p style=\"text-align: center;\"><strong>Drummerworld<\/strong> (le who&rsquo;s who de la batterie,la bible)\u00a0<\/p>\n\n\n<div class=\"wp-block-buttons is-content-justification-center is-layout-flex wp-container-core-buttons-is-layout-16018d1d wp-block-buttons-is-layout-flex\">\n<div class=\"wp-block-button\"><a class=\"wp-block-button__link has-neve-link-color-background-color has-background wp-element-button\" href=\"http:\/\/www.drummerworld.com\/\" style=\"border-radius:81px;padding-right:var(--wp--preset--spacing--60);padding-left:var(--wp--preset--spacing--60)\">Drummerworld<\/a><\/div>\n<\/div>\n\n\n<\/p>\n<p style=\"text-align: center;\">Site de <strong>Luc Diabira<\/strong> ( batteur et p\u00e9dagogue )\u00a0<\/p>\n\n\n<div class=\"wp-block-buttons is-content-justification-center is-layout-flex wp-container-core-buttons-is-layout-16018d1d wp-block-buttons-is-layout-flex\">\n<div class=\"wp-block-button\"><a class=\"wp-block-button__link has-neve-link-color-background-color has-background wp-element-button\" href=\"https:\/\/luckydrums.fr\/\" style=\"border-radius:100px;padding-right:var(--wp--preset--spacing--70);padding-left:var(--wp--preset--spacing--70)\">Luc Diabira<\/a><\/div>\n<\/div>\n\n\n<h4>\u00a0<\/h4>\n<hr \/>\n<h1>\u00a0<\/h1>\n<h1 style=\"text-align: center;\">STUDIOS DE R\u00c9P\u00c9TITION ET D&rsquo;ENREGISTREMENT<\/h1>\n<p><img loading=\"lazy\" decoding=\"async\" class=\"wp-image-6286 aligncenter\" src=\"https:\/\/webdrummer.fr\/wp-content\/uploads\/2019\/10\/Sans-titre-4-e1572207563672.png\" alt=\"\" width=\"225\" height=\"268\" srcset=\"https:\/\/webdrummer.fr\/wp-content\/uploads\/2019\/10\/Sans-titre-4-e1572207563672.png 852w, https:\/\/webdrummer.fr\/wp-content\/uploads\/2019\/10\/Sans-titre-4-e1572207563672-252x300.png 252w, https:\/\/webdrummer.fr\/wp-content\/uploads\/2019\/10\/Sans-titre-4-e1572207563672-768x916.png 768w, https:\/\/webdrummer.fr\/wp-content\/uploads\/2019\/10\/Sans-titre-4-e1572207563672-700x835.png 700w\" sizes=\"auto, (max-width: 225px) 100vw, 225px\" \/><\/p>\n<p style=\"text-align: center;\"><strong>L&rsquo;auditorium de Saint Ouen<\/strong> ( super studio )\u00a0<\/p>\n\n\n<div class=\"wp-block-buttons is-content-justification-center is-layout-flex wp-container-core-buttons-is-layout-2e9c4c63 wp-block-buttons-is-layout-flex\" style=\"border-radius:78px;padding-right:var(--wp--preset--spacing--60);padding-left:var(--wp--preset--spacing--60)\">\n<div class=\"wp-block-button\"><a class=\"wp-block-button__link has-neve-link-color-background-color has-background wp-element-button\" href=\"http:\/\/www.lauditorium.fr\/\" style=\"border-radius:95px;padding-right:var(--wp--preset--spacing--60);padding-left:var(--wp--preset--spacing--60)\">L&rsquo;Auditorium <\/a><\/div>\n<\/div>\n\n\n<\/p>\n<p style=\"text-align: center;\"><strong>Centre 2 Musique<\/strong> ( cours de musique et studio d&rsquo;enregistrement \u00e0 Neuilly sur Seine )\u00a0<\/p>\n\n\n<div class=\"wp-block-buttons is-content-justification-center is-layout-flex wp-container-core-buttons-is-layout-16018d1d wp-block-buttons-is-layout-flex\">\n<div class=\"wp-block-button\"><a class=\"wp-block-button__link has-neve-link-color-background-color has-background wp-element-button\" href=\"http:\/\/www.centredemusique.fr\/\" style=\"border-radius:84px;padding-right:var(--wp--preset--spacing--50);padding-left:var(--wp--preset--spacing--50)\">Centre 2 Musique<\/a><\/div>\n<\/div>\n\n\n<h4>\u00a0<\/h4>\n<hr \/>\n<h1>\u00a0<\/h1>\n<h1 style=\"text-align: center;\">MAGAZINES DE BATTERIE<\/h1>\n<p><img loading=\"lazy\" decoding=\"async\" class=\"wp-image-6381 aligncenter\" src=\"https:\/\/webdrummer.fr\/wp-content\/uploads\/2019\/11\/magazine-WD.png\" alt=\"\" width=\"222\" height=\"307\" srcset=\"https:\/\/webdrummer.fr\/wp-content\/uploads\/2019\/11\/magazine-WD.png 706w, https:\/\/webdrummer.fr\/wp-content\/uploads\/2019\/11\/magazine-WD-217x300.png 217w, https:\/\/webdrummer.fr\/wp-content\/uploads\/2019\/11\/magazine-WD-700x970.png 700w\" sizes=\"auto, (max-width: 222px) 100vw, 222px\" \/><\/p>\n<p style=\"text-align: center;\"><strong>Batteur + Batterie magazine\u00a0<\/strong><\/p>\n\n\n<div class=\"wp-block-buttons is-content-justification-center is-layout-flex wp-container-core-buttons-is-layout-16018d1d wp-block-buttons-is-layout-flex\">\n<div class=\"wp-block-button\"><a class=\"wp-block-button__link has-neve-link-color-background-color has-background wp-element-button\" href=\"http:\/\/www.batteurmag.com\/\" style=\"border-radius:81px;padding-right:var(--wp--preset--spacing--60);padding-left:var(--wp--preset--spacing--60)\">Batteur + Batterie Mag<\/a><\/div>\n<\/div>\n\n\n\n<div class=\"wp-block-buttons is-content-justification-center is-layout-flex wp-container-core-buttons-is-layout-16018d1d wp-block-buttons-is-layout-flex\"><\/div>\n\n\n<h2>\u00a0<\/h2>\n<p><a href=\"https:\/\/webdrummer.fr\/\"><img loading=\"lazy\" decoding=\"async\" class=\"size-medium wp-image-1138 aligncenter\" src=\"https:\/\/webdrummer.fr\/wp-content\/uploads\/2017\/02\/cropped-Webdrummer-img-1-4-300x195.jpg\" alt=\"\" width=\"300\" height=\"195\" srcset=\"https:\/\/webdrummer.fr\/wp-content\/uploads\/2017\/02\/cropped-Webdrummer-img-1-4-300x195.jpg 300w, https:\/\/webdrummer.fr\/wp-content\/uploads\/2017\/02\/cropped-Webdrummer-img-1-4-768x498.jpg 768w, https:\/\/webdrummer.fr\/wp-content\/uploads\/2017\/02\/cropped-Webdrummer-img-1-4-700x454.jpg 700w, https:\/\/webdrummer.fr\/wp-content\/uploads\/2017\/02\/cropped-Webdrummer-img-1-4.jpg 946w\" sizes=\"auto, (max-width: 300px) 100vw, 300px\" \/><\/a><\/p>","protected":false},"excerpt":{"rendered":"<p>Sur cette page vous trouverez des liens vers d&rsquo;autres sites en rapport avec la BATTERIE \u00a0 \u00c9COLES DE MUSIQUE l&rsquo;\u00e9cole du rock ( cours tous instruments )\u00a0 \u00a0 \u00a0 MAGASINS DE MUSIQUE la Baguetterie ( magasin de batteries , Paris )\u00a0 \u00a0 \u00a0 FABRICANTS DE BATTERIE C&amp;C Drum Company ( des belles batteries au style&hellip;&nbsp;<a href=\"https:\/\/webdrummer.fr\/index.php\/liens-bis\/\" rel=\"bookmark\">Lire la suite &raquo;<span class=\"screen-reader-text\">Liens<\/span><\/a><\/p>\n","protected":false},"author":1,"featured_media":0,"parent":0,"menu_order":0,"comment_status":"closed","ping_status":"closed","template":"","meta":{"neve_meta_sidebar":"default","neve_meta_container":"default","neve_meta_enable_content_width":"off","neve_meta_content_width":70,"neve_meta_title_alignment":"","neve_meta_author_avatar":"","neve_post_elements_order":"","neve_meta_disable_header":"off","neve_meta_disable_footer":"off","neve_meta_disable_title":"on","_themeisle_gutenberg_block_has_review":false,"footnotes":""},"class_list":["post-612","page","type-page","status-publish","hentry"],"yoast_head":"<!-- This site is optimized with the Yoast SEO plugin v27.4 - https:\/\/yoast.com\/product\/yoast-seo-wordpress\/ -->\n<title>Liens - WebDrummer<\/title>\n<meta name=\"robots\" content=\"index, follow, max-snippet:-1, max-image-preview:large, max-video-preview:-1\" \/>\n<link rel=\"canonical\" href=\"https:\/\/webdrummer.fr\/index.php\/liens-bis\/\" \/>\n<meta property=\"og:locale\" content=\"fr_FR\" \/>\n<meta property=\"og:type\" content=\"article\" \/>\n<meta property=\"og:title\" content=\"Liens - WebDrummer\" \/>\n<meta property=\"og:description\" content=\"Sur cette page vous trouverez des liens vers d&rsquo;autres sites en rapport avec la BATTERIE \u00a0 \u00c9COLES DE MUSIQUE l&rsquo;\u00e9cole du rock ( cours tous instruments )\u00a0 \u00a0 \u00a0 MAGASINS DE MUSIQUE la Baguetterie ( magasin de batteries , Paris )\u00a0 \u00a0 \u00a0 FABRICANTS DE BATTERIE C&amp;C Drum Company ( des belles batteries au style&hellip;&nbsp;Lire la suite &raquo;Liens\" \/>\n<meta property=\"og:url\" content=\"https:\/\/webdrummer.fr\/index.php\/liens-bis\/\" \/>\n<meta property=\"og:site_name\" content=\"WebDrummer\" \/>\n<meta property=\"article:publisher\" content=\"https:\/\/www.facebook.com\/webdrummer.fr\" \/>\n<meta property=\"article:modified_time\" content=\"2025-08-02T15:17:52+00:00\" \/>\n<meta property=\"og:image\" content=\"https:\/\/webdrummer.fr\/wp-content\/uploads\/2019\/06\/Capture-d\u2019\u00e9cran-2019-06-16-\u00e0-12.43.22.png\" \/>\n<meta name=\"twitter:card\" content=\"summary_large_image\" \/>\n<meta name=\"twitter:label1\" content=\"Dur\u00e9e de lecture estim\u00e9e\" \/>\n\t<meta name=\"twitter:data1\" content=\"1 minute\" \/>\n<script type=\"application\/ld+json\" class=\"yoast-schema-graph\">{\"@context\":\"https:\\\/\\\/schema.org\",\"@graph\":[{\"@type\":\"WebPage\",\"@id\":\"https:\\\/\\\/webdrummer.fr\\\/index.php\\\/liens-bis\\\/\",\"url\":\"https:\\\/\\\/webdrummer.fr\\\/index.php\\\/liens-bis\\\/\",\"name\":\"Liens - WebDrummer\",\"isPartOf\":{\"@id\":\"https:\\\/\\\/webdrummer.fr\\\/#website\"},\"primaryImageOfPage\":{\"@id\":\"https:\\\/\\\/webdrummer.fr\\\/index.php\\\/liens-bis\\\/#primaryimage\"},\"image\":{\"@id\":\"https:\\\/\\\/webdrummer.fr\\\/index.php\\\/liens-bis\\\/#primaryimage\"},\"thumbnailUrl\":\"https:\\\/\\\/webdrummer.fr\\\/wp-content\\\/uploads\\\/2022\\\/03\\\/LIENS-RUBRIQUE_000001.png\",\"datePublished\":\"2016-09-07T20:19:33+00:00\",\"dateModified\":\"2025-08-02T15:17:52+00:00\",\"breadcrumb\":{\"@id\":\"https:\\\/\\\/webdrummer.fr\\\/index.php\\\/liens-bis\\\/#breadcrumb\"},\"inLanguage\":\"fr-FR\",\"potentialAction\":[{\"@type\":\"ReadAction\",\"target\":[\"https:\\\/\\\/webdrummer.fr\\\/index.php\\\/liens-bis\\\/\"]}]},{\"@type\":\"ImageObject\",\"inLanguage\":\"fr-FR\",\"@id\":\"https:\\\/\\\/webdrummer.fr\\\/index.php\\\/liens-bis\\\/#primaryimage\",\"url\":\"https:\\\/\\\/webdrummer.fr\\\/wp-content\\\/uploads\\\/2022\\\/03\\\/LIENS-RUBRIQUE_000001.png\",\"contentUrl\":\"https:\\\/\\\/webdrummer.fr\\\/wp-content\\\/uploads\\\/2022\\\/03\\\/LIENS-RUBRIQUE_000001.png\",\"width\":3465,\"height\":2327},{\"@type\":\"BreadcrumbList\",\"@id\":\"https:\\\/\\\/webdrummer.fr\\\/index.php\\\/liens-bis\\\/#breadcrumb\",\"itemListElement\":[{\"@type\":\"ListItem\",\"position\":1,\"name\":\"Accueil\",\"item\":\"https:\\\/\\\/webdrummer.fr\\\/\"},{\"@type\":\"ListItem\",\"position\":2,\"name\":\"Liens\"}]},{\"@type\":\"WebSite\",\"@id\":\"https:\\\/\\\/webdrummer.fr\\\/#website\",\"url\":\"https:\\\/\\\/webdrummer.fr\\\/\",\"name\":\"WebDrummer\",\"description\":\"la batterie \u00e0 la port\u00e9e de tous ! Drums for all !\",\"publisher\":{\"@id\":\"https:\\\/\\\/webdrummer.fr\\\/#organization\"},\"alternateName\":\"WD\",\"potentialAction\":[{\"@type\":\"SearchAction\",\"target\":{\"@type\":\"EntryPoint\",\"urlTemplate\":\"https:\\\/\\\/webdrummer.fr\\\/?s={search_term_string}\"},\"query-input\":{\"@type\":\"PropertyValueSpecification\",\"valueRequired\":true,\"valueName\":\"search_term_string\"}}],\"inLanguage\":\"fr-FR\"},{\"@type\":\"Organization\",\"@id\":\"https:\\\/\\\/webdrummer.fr\\\/#organization\",\"name\":\"WebDrummer\",\"url\":\"https:\\\/\\\/webdrummer.fr\\\/\",\"logo\":{\"@type\":\"ImageObject\",\"inLanguage\":\"fr-FR\",\"@id\":\"https:\\\/\\\/webdrummer.fr\\\/#\\\/schema\\\/logo\\\/image\\\/\",\"url\":\"https:\\\/\\\/webdrummer.fr\\\/wp-content\\\/uploads\\\/2021\\\/10\\\/logo-webdrummer-noir-detoure.png\",\"contentUrl\":\"https:\\\/\\\/webdrummer.fr\\\/wp-content\\\/uploads\\\/2021\\\/10\\\/logo-webdrummer-noir-detoure.png\",\"width\":5291,\"height\":3777,\"caption\":\"WebDrummer\"},\"image\":{\"@id\":\"https:\\\/\\\/webdrummer.fr\\\/#\\\/schema\\\/logo\\\/image\\\/\"},\"sameAs\":[\"https:\\\/\\\/www.facebook.com\\\/webdrummer.fr\"]}]}<\/script>\n<!-- \/ Yoast SEO plugin. -->","yoast_head_json":{"title":"Liens - WebDrummer","robots":{"index":"index","follow":"follow","max-snippet":"max-snippet:-1","max-image-preview":"max-image-preview:large","max-video-preview":"max-video-preview:-1"},"canonical":"https:\/\/webdrummer.fr\/index.php\/liens-bis\/","og_locale":"fr_FR","og_type":"article","og_title":"Liens - WebDrummer","og_description":"Sur cette page vous trouverez des liens vers d&rsquo;autres sites en rapport avec la BATTERIE \u00a0 \u00c9COLES DE MUSIQUE l&rsquo;\u00e9cole du rock ( cours tous instruments )\u00a0 \u00a0 \u00a0 MAGASINS DE MUSIQUE la Baguetterie ( magasin de batteries , Paris )\u00a0 \u00a0 \u00a0 FABRICANTS DE BATTERIE C&amp;C Drum Company ( des belles batteries au style&hellip;&nbsp;Lire la suite &raquo;Liens","og_url":"https:\/\/webdrummer.fr\/index.php\/liens-bis\/","og_site_name":"WebDrummer","article_publisher":"https:\/\/www.facebook.com\/webdrummer.fr","article_modified_time":"2025-08-02T15:17:52+00:00","og_image":[{"url":"https:\/\/webdrummer.fr\/wp-content\/uploads\/2019\/06\/Capture-d\u2019\u00e9cran-2019-06-16-\u00e0-12.43.22.png","type":"","width":"","height":""}],"twitter_card":"summary_large_image","twitter_misc":{"Dur\u00e9e de lecture estim\u00e9e":"1 minute"},"schema":{"@context":"https:\/\/schema.org","@graph":[{"@type":"WebPage","@id":"https:\/\/webdrummer.fr\/index.php\/liens-bis\/","url":"https:\/\/webdrummer.fr\/index.php\/liens-bis\/","name":"Liens - WebDrummer","isPartOf":{"@id":"https:\/\/webdrummer.fr\/#website"},"primaryImageOfPage":{"@id":"https:\/\/webdrummer.fr\/index.php\/liens-bis\/#primaryimage"},"image":{"@id":"https:\/\/webdrummer.fr\/index.php\/liens-bis\/#primaryimage"},"thumbnailUrl":"https:\/\/webdrummer.fr\/wp-content\/uploads\/2022\/03\/LIENS-RUBRIQUE_000001.png","datePublished":"2016-09-07T20:19:33+00:00","dateModified":"2025-08-02T15:17:52+00:00","breadcrumb":{"@id":"https:\/\/webdrummer.fr\/index.php\/liens-bis\/#breadcrumb"},"inLanguage":"fr-FR","potentialAction":[{"@type":"ReadAction","target":["https:\/\/webdrummer.fr\/index.php\/liens-bis\/"]}]},{"@type":"ImageObject","inLanguage":"fr-FR","@id":"https:\/\/webdrummer.fr\/index.php\/liens-bis\/#primaryimage","url":"https:\/\/webdrummer.fr\/wp-content\/uploads\/2022\/03\/LIENS-RUBRIQUE_000001.png","contentUrl":"https:\/\/webdrummer.fr\/wp-content\/uploads\/2022\/03\/LIENS-RUBRIQUE_000001.png","width":3465,"height":2327},{"@type":"BreadcrumbList","@id":"https:\/\/webdrummer.fr\/index.php\/liens-bis\/#breadcrumb","itemListElement":[{"@type":"ListItem","position":1,"name":"Accueil","item":"https:\/\/webdrummer.fr\/"},{"@type":"ListItem","position":2,"name":"Liens"}]},{"@type":"WebSite","@id":"https:\/\/webdrummer.fr\/#website","url":"https:\/\/webdrummer.fr\/","name":"WebDrummer","description":"la batterie \u00e0 la port\u00e9e de tous ! Drums for all !","publisher":{"@id":"https:\/\/webdrummer.fr\/#organization"},"alternateName":"WD","potentialAction":[{"@type":"SearchAction","target":{"@type":"EntryPoint","urlTemplate":"https:\/\/webdrummer.fr\/?s={search_term_string}"},"query-input":{"@type":"PropertyValueSpecification","valueRequired":true,"valueName":"search_term_string"}}],"inLanguage":"fr-FR"},{"@type":"Organization","@id":"https:\/\/webdrummer.fr\/#organization","name":"WebDrummer","url":"https:\/\/webdrummer.fr\/","logo":{"@type":"ImageObject","inLanguage":"fr-FR","@id":"https:\/\/webdrummer.fr\/#\/schema\/logo\/image\/","url":"https:\/\/webdrummer.fr\/wp-content\/uploads\/2021\/10\/logo-webdrummer-noir-detoure.png","contentUrl":"https:\/\/webdrummer.fr\/wp-content\/uploads\/2021\/10\/logo-webdrummer-noir-detoure.png","width":5291,"height":3777,"caption":"WebDrummer"},"image":{"@id":"https:\/\/webdrummer.fr\/#\/schema\/logo\/image\/"},"sameAs":["https:\/\/www.facebook.com\/webdrummer.fr"]}]}},"_links":{"self":[{"href":"https:\/\/webdrummer.fr\/index.php\/wp-json\/wp\/v2\/pages\/612","targetHints":{"allow":["GET"]}}],"collection":[{"href":"https:\/\/webdrummer.fr\/index.php\/wp-json\/wp\/v2\/pages"}],"about":[{"href":"https:\/\/webdrummer.fr\/index.php\/wp-json\/wp\/v2\/types\/page"}],"author":[{"embeddable":true,"href":"https:\/\/webdrummer.fr\/index.php\/wp-json\/wp\/v2\/users\/1"}],"replies":[{"embeddable":true,"href":"https:\/\/webdrummer.fr\/index.php\/wp-json\/wp\/v2\/comments?post=612"}],"version-history":[{"count":21,"href":"https:\/\/webdrummer.fr\/index.php\/wp-json\/wp\/v2\/pages\/612\/revisions"}],"predecessor-version":[{"id":24328,"href":"https:\/\/webdrummer.fr\/index.php\/wp-json\/wp\/v2\/pages\/612\/revisions\/24328"}],"wp:attachment":[{"href":"https:\/\/webdrummer.fr\/index.php\/wp-json\/wp\/v2\/media?parent=612"}],"curies":[{"name":"wp","href":"https:\/\/api.w.org\/{rel}","templated":true}]}}